{"id":125,"date":"2014-01-08T14:12:17","date_gmt":"2014-01-08T13:12:17","guid":{"rendered":"http:\/\/schmidt-text.de\/marketing\/?page_id=125"},"modified":"2024-07-19T12:30:37","modified_gmt":"2024-07-19T11:30:37","slug":"roehm","status":"publish","type":"page","link":"https:\/\/schmidt-text.de\/marketing\/referenzen\/roehm\/","title":{"rendered":"R\u00f6hm"},"content":{"rendered":"<h2>R\u00f6hm<\/h2>\n<p>Als weltweit renommierter Erzeuger von Spann-, Greif- und Handhabungstechnik bedient R\u00f6hm aus Sontheim a.d. Brenz die Hersteller und Nutzer von Werkzeugmaschinen und Bearbeitungszentren. Michael Schmidt hilft, die Produkte und branchenspezifischen Angebote des Unternehmens anschaulich zu beschreiben. Weil angesichts deren Komplexit\u00e4t die rein verbale Beschreibung an Grenzen st\u00f6\u00dft, werden die Texte stets mit hochwertigen Renderings von Produkten kombiniert. Im Kern stehen Brosch\u00fcren. Wie \u00fcblich, werden die Ergebnisse aber medien\u00fcbergreifend adaptiert, also auch auf der Website und im Video.<\/p>\n<p>Renderings: Tobias Kramer Foxboxx; Grafik: HeydeDesign<\/p>\n<p>&nbsp;<\/p>\n<p class=\"hide-if-no-js\"><a href=\"https:\/\/schmidt-text.de\/marketing\/wp-content\/uploads\/ROE.png\"><img loading=\"lazy\" decoding=\"async\" class=\"alignnone wp-image-829 size-medium\" title=\"ROE\" src=\"https:\/\/schmidt-text.de\/marketing\/wp-content\/uploads\/ROE-300x140.png\" alt=\"\" width=\"300\" height=\"140\" srcset=\"https:\/\/schmidt-text.de\/marketing\/wp-content\/uploads\/ROE-300x140.png 300w, https:\/\/schmidt-text.de\/marketing\/wp-content\/uploads\/ROE-700x327.png 700w, https:\/\/schmidt-text.de\/marketing\/wp-content\/uploads\/ROE-768x359.png 768w, https:\/\/schmidt-text.de\/marketing\/wp-content\/uploads\/ROE-1536x717.png 1536w, https:\/\/schmidt-text.de\/marketing\/wp-content\/uploads\/ROE-800x374.png 800w, https:\/\/schmidt-text.de\/marketing\/wp-content\/uploads\/ROE.png 1788w\" sizes=\"auto, (max-width: 300px) 100vw, 300px\" \/><\/a><\/p>\n","protected":false},"excerpt":{"rendered":"<p>R\u00f6hm Als weltweit renommierter Erzeuger von Spann-, Greif- und Handhabungstechnik bedient R\u00f6hm aus Sontheim a.d. Brenz die Hersteller und Nutzer von Werkzeugmaschinen und Bearbeitungszentren. Michael Schmidt hilft, die Produkte und branchenspezifischen Angebote des Unternehmens anschaulich zu beschreiben. Weil angesichts deren Komplexit\u00e4t die rein verbale Beschreibung an Grenzen st\u00f6\u00dft, werden die Texte stets mit hochwertigen Renderings&#8230;<\/p>\n","protected":false},"author":2,"featured_media":0,"parent":129,"menu_order":0,"comment_status":"closed","ping_status":"closed","template":"","meta":{"footnotes":""},"class_list":["post-125","page","type-page","status-publish","hentry"],"_links":{"self":[{"href":"https:\/\/schmidt-text.de\/marketing\/wp-json\/wp\/v2\/pages\/125","targetHints":{"allow":["GET"]}}],"collection":[{"href":"https:\/\/schmidt-text.de\/marketing\/wp-json\/wp\/v2\/pages"}],"about":[{"href":"https:\/\/schmidt-text.de\/marketing\/wp-json\/wp\/v2\/types\/page"}],"author":[{"embeddable":true,"href":"https:\/\/schmidt-text.de\/marketing\/wp-json\/wp\/v2\/users\/2"}],"replies":[{"embeddable":true,"href":"https:\/\/schmidt-text.de\/marketing\/wp-json\/wp\/v2\/comments?post=125"}],"version-history":[{"count":10,"href":"https:\/\/schmidt-text.de\/marketing\/wp-json\/wp\/v2\/pages\/125\/revisions"}],"predecessor-version":[{"id":831,"href":"https:\/\/schmidt-text.de\/marketing\/wp-json\/wp\/v2\/pages\/125\/revisions\/831"}],"up":[{"embeddable":true,"href":"https:\/\/schmidt-text.de\/marketing\/wp-json\/wp\/v2\/pages\/129"}],"wp:attachment":[{"href":"https:\/\/schmidt-text.de\/marketing\/wp-json\/wp\/v2\/media?parent=125"}],"curies":[{"name":"wp","href":"https:\/\/api.w.org\/{rel}","templated":true}]}}