{"id":127,"date":"2014-01-08T14:13:11","date_gmt":"2014-01-08T13:13:11","guid":{"rendered":"http:\/\/schmidt-text.de\/marketing\/?page_id=127"},"modified":"2024-07-19T12:39:50","modified_gmt":"2024-07-19T11:39:50","slug":"fabmatics","status":"publish","type":"page","link":"https:\/\/schmidt-text.de\/marketing\/referenzen\/fabmatics\/","title":{"rendered":"Fabmatics"},"content":{"rendered":"<h2>Fabmatics<\/h2>\n<p>Das Dresdner Unternehmen bietet branchen\u00fcbergreifend Prozessautomatisierung auf dem Niveau von Industrie 4.0. Die neue Unternehmensbrosch\u00fcre sollte das widerspiegeln. Eine 1:1-Umsetzung des Themas erschien jedoch als zu komplex f\u00fcr das Marketing. Die verantwortliche Agentur entwickelte daher die Kernbotschaft des Unternehmens als &#8222;Orchestrierer&#8220; von Produktionsprozessen. Dann beauftragte sie den Texter, das Leistungsangebot von Fabmatics in ein Storytelling zum Thema Musik einzuweben \u2013 mit entsprechenden Analogien. Michael Schmidt lieferte Konzept, Gliederung und Text-Bild-Manuskript der Brosch\u00fcre.<\/p>\n<p>Umsetzung: VOR<\/p>\n<h2><a href=\"https:\/\/schmidt-text.de\/marketing\/wp-content\/uploads\/Fab.png\"><img loading=\"lazy\" decoding=\"async\" class=\"alignnone wp-image-826 size-medium\" title=\"Fab\" src=\"https:\/\/schmidt-text.de\/marketing\/wp-content\/uploads\/Fab-300x140.png\" alt=\"\" width=\"300\" height=\"140\" srcset=\"https:\/\/schmidt-text.de\/marketing\/wp-content\/uploads\/Fab-300x140.png 300w, https:\/\/schmidt-text.de\/marketing\/wp-content\/uploads\/Fab-700x328.png 700w, https:\/\/schmidt-text.de\/marketing\/wp-content\/uploads\/Fab-768x359.png 768w, https:\/\/schmidt-text.de\/marketing\/wp-content\/uploads\/Fab-1536x719.png 1536w, https:\/\/schmidt-text.de\/marketing\/wp-content\/uploads\/Fab-800x374.png 800w, https:\/\/schmidt-text.de\/marketing\/wp-content\/uploads\/Fab.png 1878w\" sizes=\"auto, (max-width: 300px) 100vw, 300px\" \/><\/a><\/h2>\n","protected":false},"excerpt":{"rendered":"<p>Fabmatics Das Dresdner Unternehmen bietet branchen\u00fcbergreifend Prozessautomatisierung auf dem Niveau von Industrie 4.0. Die neue Unternehmensbrosch\u00fcre sollte das widerspiegeln. Eine 1:1-Umsetzung des Themas erschien jedoch als zu komplex f\u00fcr das Marketing. Die verantwortliche Agentur entwickelte daher die Kernbotschaft des Unternehmens als &#8222;Orchestrierer&#8220; von Produktionsprozessen. Dann beauftragte sie den Texter, das Leistungsangebot von Fabmatics in ein&#8230;<\/p>\n","protected":false},"author":2,"featured_media":0,"parent":129,"menu_order":0,"comment_status":"closed","ping_status":"closed","template":"","meta":{"footnotes":""},"class_list":["post-127","page","type-page","status-publish","hentry"],"_links":{"self":[{"href":"https:\/\/schmidt-text.de\/marketing\/wp-json\/wp\/v2\/pages\/127","targetHints":{"allow":["GET"]}}],"collection":[{"href":"https:\/\/schmidt-text.de\/marketing\/wp-json\/wp\/v2\/pages"}],"about":[{"href":"https:\/\/schmidt-text.de\/marketing\/wp-json\/wp\/v2\/types\/page"}],"author":[{"embeddable":true,"href":"https:\/\/schmidt-text.de\/marketing\/wp-json\/wp\/v2\/users\/2"}],"replies":[{"embeddable":true,"href":"https:\/\/schmidt-text.de\/marketing\/wp-json\/wp\/v2\/comments?post=127"}],"version-history":[{"count":7,"href":"https:\/\/schmidt-text.de\/marketing\/wp-json\/wp\/v2\/pages\/127\/revisions"}],"predecessor-version":[{"id":844,"href":"https:\/\/schmidt-text.de\/marketing\/wp-json\/wp\/v2\/pages\/127\/revisions\/844"}],"up":[{"embeddable":true,"href":"https:\/\/schmidt-text.de\/marketing\/wp-json\/wp\/v2\/pages\/129"}],"wp:attachment":[{"href":"https:\/\/schmidt-text.de\/marketing\/wp-json\/wp\/v2\/media?parent=127"}],"curies":[{"name":"wp","href":"https:\/\/api.w.org\/{rel}","templated":true}]}}