{"id":137,"date":"2014-01-08T14:47:11","date_gmt":"2014-01-08T13:47:11","guid":{"rendered":"http:\/\/schmidt-text.de\/marketing\/?page_id=137"},"modified":"2024-06-20T15:17:32","modified_gmt":"2024-06-20T14:17:32","slug":"hzd","status":"publish","type":"page","link":"https:\/\/schmidt-text.de\/marketing\/referenzen\/hzd\/","title":{"rendered":"Helmholtz-Forschungszentrum Dresden"},"content":{"rendered":"<h2>Helmholtz-Forschungszentrum Dresden<\/h2>\n<p>Wie sagt man, dass die Entwickler einiger der weltweit spektakul\u00e4rsten Spitzenforschungsger\u00e4te gerne auch als Entwickler f\u00fcr normale Technologie-Unternehmen arbeiten wollen? Man macht sie ganz nat\u00fcrlich zu \u201eGeburtshelfern\u201c f\u00fcr die Innovationen der Anderen. Und spricht die denkbar einfachste Sprache. Angebotsbrosch\u00fcre der Abteilung Forschungstechnik. Auch die Imagebrosch\u00fcre des HZDR kam aus der Feder von Michael Schmidt.<\/p>\n<p>Umsetzung: Schmidt &amp; Schumann<\/p>\n<p><a href=\"https:\/\/schmidt-text.de\/marketing\/wp-content\/uploads\/HZD_Titel.jpg\" target=\"_blank\" rel=\"noopener\"><img loading=\"lazy\" decoding=\"async\" class=\"alignnone wp-image-394\" src=\"https:\/\/schmidt-text.de\/marketing\/wp-content\/uploads\/HZD_Titel-300x300.jpg\" alt=\"HZD_Titel\" width=\"220\" height=\"220\" srcset=\"https:\/\/schmidt-text.de\/marketing\/wp-content\/uploads\/HZD_Titel-300x300.jpg 300w, https:\/\/schmidt-text.de\/marketing\/wp-content\/uploads\/HZD_Titel-150x150.jpg 150w, https:\/\/schmidt-text.de\/marketing\/wp-content\/uploads\/HZD_Titel.jpg 596w\" sizes=\"auto, (max-width: 220px) 100vw, 220px\" \/><\/a> <a href=\"https:\/\/schmidt-text.de\/marketing\/wp-content\/uploads\/HZD_HF.jpg\" target=\"_blank\" rel=\"noopener\"><img loading=\"lazy\" decoding=\"async\" class=\"alignnone wp-image-397\" src=\"https:\/\/schmidt-text.de\/marketing\/wp-content\/uploads\/HZD_HF-1024x512.jpg\" alt=\"HZD_HF\" width=\"440\" height=\"220\" \/><\/a><\/p>\n","protected":false},"excerpt":{"rendered":"<p>Helmholtz-Forschungszentrum Dresden Wie sagt man, dass die Entwickler einiger der weltweit spektakul\u00e4rsten Spitzenforschungsger\u00e4te gerne auch als Entwickler f\u00fcr normale Technologie-Unternehmen arbeiten wollen? Man macht sie ganz nat\u00fcrlich zu \u201eGeburtshelfern\u201c f\u00fcr die Innovationen der Anderen. Und spricht die denkbar einfachste Sprache. Angebotsbrosch\u00fcre der Abteilung Forschungstechnik. Auch die Imagebrosch\u00fcre des HZDR kam aus der Feder von Michael&#8230;<\/p>\n","protected":false},"author":2,"featured_media":0,"parent":129,"menu_order":0,"comment_status":"closed","ping_status":"closed","template":"","meta":{"footnotes":""},"class_list":["post-137","page","type-page","status-publish","hentry"],"_links":{"self":[{"href":"https:\/\/schmidt-text.de\/marketing\/wp-json\/wp\/v2\/pages\/137","targetHints":{"allow":["GET"]}}],"collection":[{"href":"https:\/\/schmidt-text.de\/marketing\/wp-json\/wp\/v2\/pages"}],"about":[{"href":"https:\/\/schmidt-text.de\/marketing\/wp-json\/wp\/v2\/types\/page"}],"author":[{"embeddable":true,"href":"https:\/\/schmidt-text.de\/marketing\/wp-json\/wp\/v2\/users\/2"}],"replies":[{"embeddable":true,"href":"https:\/\/schmidt-text.de\/marketing\/wp-json\/wp\/v2\/comments?post=137"}],"version-history":[{"count":8,"href":"https:\/\/schmidt-text.de\/marketing\/wp-json\/wp\/v2\/pages\/137\/revisions"}],"predecessor-version":[{"id":793,"href":"https:\/\/schmidt-text.de\/marketing\/wp-json\/wp\/v2\/pages\/137\/revisions\/793"}],"up":[{"embeddable":true,"href":"https:\/\/schmidt-text.de\/marketing\/wp-json\/wp\/v2\/pages\/129"}],"wp:attachment":[{"href":"https:\/\/schmidt-text.de\/marketing\/wp-json\/wp\/v2\/media?parent=137"}],"curies":[{"name":"wp","href":"https:\/\/api.w.org\/{rel}","templated":true}]}}