{"id":139,"date":"2014-01-08T14:47:53","date_gmt":"2014-01-08T13:47:53","guid":{"rendered":"http:\/\/schmidt-text.de\/marketing\/?page_id=139"},"modified":"2024-06-21T11:12:39","modified_gmt":"2024-06-21T10:12:39","slug":"hpe","status":"publish","type":"page","link":"https:\/\/schmidt-text.de\/marketing\/referenzen\/hpe\/","title":{"rendered":"Hegewald &#038; Peschke"},"content":{"rendered":"<h2>Hegewald &amp; Peschke<\/h2>\n<p>Pr\u00fcfmaschinen von Hegewald &amp; Peschke aus Nossen in Sachsen sind als Baukastensystem konstruiert und k\u00f6nnen deshalb auch die individuellsten Pr\u00fcflinge biegen, dr\u00fccken oder zerrei\u00dfen. Und zwar ohne, dass der Kunde daf\u00fcr die Entwicklung einer eigenen Maschine bezahlen muss. De facto bekommt er sie aber. Das galt es herauszuarbeiten und als Alleinstellungsmerkmal in den Mittelpunkt der Kommunikation des Unternehmens zu stellen. Entwickelt wurden u.a. die Unternehmensbrosch\u00fcre und verschiedene Produktbrosch\u00fcren \u2013 inklusive des Maskottchens Willy. Als Universalpr\u00fcfling l\u00e4sst er einfach alles mit sich machen.<\/p>\n<p>Umsetzung: Schmidt &amp; Schumann<\/p>\n<p><a href=\"https:\/\/schmidt-text.de\/marketing\/wp-content\/uploads\/UntBr.png\"><img loading=\"lazy\" decoding=\"async\" class=\"alignnone wp-image-816 size-medium\" title=\"UntBr\" src=\"https:\/\/schmidt-text.de\/marketing\/wp-content\/uploads\/UntBr-300x209.png\" alt=\"\" width=\"300\" height=\"209\" srcset=\"https:\/\/schmidt-text.de\/marketing\/wp-content\/uploads\/UntBr-300x209.png 300w, https:\/\/schmidt-text.de\/marketing\/wp-content\/uploads\/UntBr-700x487.png 700w, https:\/\/schmidt-text.de\/marketing\/wp-content\/uploads\/UntBr-768x535.png 768w, https:\/\/schmidt-text.de\/marketing\/wp-content\/uploads\/UntBr-800x557.png 800w, https:\/\/schmidt-text.de\/marketing\/wp-content\/uploads\/UntBr.png 1492w\" sizes=\"auto, (max-width: 300px) 100vw, 300px\" \/><\/a><a href=\"https:\/\/schmidt-text.de\/marketing\/wp-content\/uploads\/ProBr.png\"><img loading=\"lazy\" decoding=\"async\" class=\"alignnone wp-image-817 size-medium\" title=\"ProBr\" src=\"https:\/\/schmidt-text.de\/marketing\/wp-content\/uploads\/ProBr-300x210.png\" alt=\"\" width=\"300\" height=\"210\" srcset=\"https:\/\/schmidt-text.de\/marketing\/wp-content\/uploads\/ProBr-300x210.png 300w, https:\/\/schmidt-text.de\/marketing\/wp-content\/uploads\/ProBr-700x489.png 700w, https:\/\/schmidt-text.de\/marketing\/wp-content\/uploads\/ProBr-768x536.png 768w, https:\/\/schmidt-text.de\/marketing\/wp-content\/uploads\/ProBr-800x559.png 800w, https:\/\/schmidt-text.de\/marketing\/wp-content\/uploads\/ProBr.png 1482w\" sizes=\"auto, (max-width: 300px) 100vw, 300px\" \/><\/a><\/p>\n","protected":false},"excerpt":{"rendered":"<p>Hegewald &amp; Peschke Pr\u00fcfmaschinen von Hegewald &amp; Peschke aus Nossen in Sachsen sind als Baukastensystem konstruiert und k\u00f6nnen deshalb auch die individuellsten Pr\u00fcflinge biegen, dr\u00fccken oder zerrei\u00dfen. Und zwar ohne, dass der Kunde daf\u00fcr die Entwicklung einer eigenen Maschine bezahlen muss. De facto bekommt er sie aber. Das galt es herauszuarbeiten und als Alleinstellungsmerkmal in&#8230;<\/p>\n","protected":false},"author":2,"featured_media":0,"parent":129,"menu_order":0,"comment_status":"closed","ping_status":"closed","template":"","meta":{"footnotes":""},"class_list":["post-139","page","type-page","status-publish","hentry"],"_links":{"self":[{"href":"https:\/\/schmidt-text.de\/marketing\/wp-json\/wp\/v2\/pages\/139","targetHints":{"allow":["GET"]}}],"collection":[{"href":"https:\/\/schmidt-text.de\/marketing\/wp-json\/wp\/v2\/pages"}],"about":[{"href":"https:\/\/schmidt-text.de\/marketing\/wp-json\/wp\/v2\/types\/page"}],"author":[{"embeddable":true,"href":"https:\/\/schmidt-text.de\/marketing\/wp-json\/wp\/v2\/users\/2"}],"replies":[{"embeddable":true,"href":"https:\/\/schmidt-text.de\/marketing\/wp-json\/wp\/v2\/comments?post=139"}],"version-history":[{"count":7,"href":"https:\/\/schmidt-text.de\/marketing\/wp-json\/wp\/v2\/pages\/139\/revisions"}],"predecessor-version":[{"id":818,"href":"https:\/\/schmidt-text.de\/marketing\/wp-json\/wp\/v2\/pages\/139\/revisions\/818"}],"up":[{"embeddable":true,"href":"https:\/\/schmidt-text.de\/marketing\/wp-json\/wp\/v2\/pages\/129"}],"wp:attachment":[{"href":"https:\/\/schmidt-text.de\/marketing\/wp-json\/wp\/v2\/media?parent=139"}],"curies":[{"name":"wp","href":"https:\/\/api.w.org\/{rel}","templated":true}]}}