{"id":141,"date":"2014-01-08T14:48:35","date_gmt":"2014-01-08T13:48:35","guid":{"rendered":"http:\/\/schmidt-text.de\/marketing\/?page_id=141"},"modified":"2024-06-20T15:45:53","modified_gmt":"2024-06-20T14:45:53","slug":"sis","status":"publish","type":"page","link":"https:\/\/schmidt-text.de\/marketing\/referenzen\/sis\/","title":{"rendered":"Silicon Saxony"},"content":{"rendered":"<h2>Silicon Saxony<\/h2>\n<p>Dresden gilt als Nr. 1 unter den Standorten f\u00fcr Mikro- und Nanotechnologie in Europa, und Silicon Saxony ist sein Kompetenznetzwerk und Sprachrohr. Wer in dessen Publikationen allgemeinverst\u00e4ndlich \u00fcber die Ergebnisse schreiben will, die Wissenschaftler und Unternehmen hervorbringen, muss versuchen die Balance zu halten. Jedesmal gilt es aufs Neue den kleinen Ankn\u00fcpfungspunkt der Themen an die Lebenswirklichkeit der Menschen &#8222;da drau\u00dfen&#8220; zu finden. Im Hausmagazin NEXT von Silicon Saxony schreibt Michael Schmidt \u00fcber das, was in puncto KI, Industrie 4.0 oder auch Cyber Security in Sachsen passiert. Recherche und Experten-Interviews inklusive.<\/p>\n<p><a href=\"https:\/\/schmidt-text.de\/marketing\/wp-content\/uploads\/Silicon_Saxony.png\" target=\"_blank\" rel=\"noopener\"><img loading=\"lazy\" decoding=\"async\" class=\"alignnone wp-image-666 size-medium\" title=\"Silicon_Saxony\" src=\"https:\/\/schmidt-text.de\/marketing\/wp-content\/uploads\/Silicon_Saxony-300x201.png\" alt=\"\" width=\"300\" height=\"201\" srcset=\"https:\/\/schmidt-text.de\/marketing\/wp-content\/uploads\/Silicon_Saxony-300x201.png 300w, https:\/\/schmidt-text.de\/marketing\/wp-content\/uploads\/Silicon_Saxony-768x515.png 768w, https:\/\/schmidt-text.de\/marketing\/wp-content\/uploads\/Silicon_Saxony-700x469.png 700w, https:\/\/schmidt-text.de\/marketing\/wp-content\/uploads\/Silicon_Saxony-800x536.png 800w, https:\/\/schmidt-text.de\/marketing\/wp-content\/uploads\/Silicon_Saxony.png 1476w\" sizes=\"auto, (max-width: 300px) 100vw, 300px\" \/><\/a><\/p>\n<p>&nbsp;<\/p>\n<p>&nbsp;<\/p>\n","protected":false},"excerpt":{"rendered":"<p>Silicon Saxony Dresden gilt als Nr. 1 unter den Standorten f\u00fcr Mikro- und Nanotechnologie in Europa, und Silicon Saxony ist sein Kompetenznetzwerk und Sprachrohr. Wer in dessen Publikationen allgemeinverst\u00e4ndlich \u00fcber die Ergebnisse schreiben will, die Wissenschaftler und Unternehmen hervorbringen, muss versuchen die Balance zu halten. Jedesmal gilt es aufs Neue den kleinen Ankn\u00fcpfungspunkt der Themen&#8230;<\/p>\n","protected":false},"author":2,"featured_media":0,"parent":129,"menu_order":0,"comment_status":"closed","ping_status":"closed","template":"","meta":{"footnotes":""},"class_list":["post-141","page","type-page","status-publish","hentry"],"_links":{"self":[{"href":"https:\/\/schmidt-text.de\/marketing\/wp-json\/wp\/v2\/pages\/141","targetHints":{"allow":["GET"]}}],"collection":[{"href":"https:\/\/schmidt-text.de\/marketing\/wp-json\/wp\/v2\/pages"}],"about":[{"href":"https:\/\/schmidt-text.de\/marketing\/wp-json\/wp\/v2\/types\/page"}],"author":[{"embeddable":true,"href":"https:\/\/schmidt-text.de\/marketing\/wp-json\/wp\/v2\/users\/2"}],"replies":[{"embeddable":true,"href":"https:\/\/schmidt-text.de\/marketing\/wp-json\/wp\/v2\/comments?post=141"}],"version-history":[{"count":9,"href":"https:\/\/schmidt-text.de\/marketing\/wp-json\/wp\/v2\/pages\/141\/revisions"}],"predecessor-version":[{"id":802,"href":"https:\/\/schmidt-text.de\/marketing\/wp-json\/wp\/v2\/pages\/141\/revisions\/802"}],"up":[{"embeddable":true,"href":"https:\/\/schmidt-text.de\/marketing\/wp-json\/wp\/v2\/pages\/129"}],"wp:attachment":[{"href":"https:\/\/schmidt-text.de\/marketing\/wp-json\/wp\/v2\/media?parent=141"}],"curies":[{"name":"wp","href":"https:\/\/api.w.org\/{rel}","templated":true}]}}