{"id":143,"date":"2014-01-08T14:49:14","date_gmt":"2014-01-08T13:49:14","guid":{"rendered":"http:\/\/schmidt-text.de\/marketing\/?page_id=143"},"modified":"2024-07-19T16:07:16","modified_gmt":"2024-07-19T15:07:16","slug":"htw","status":"publish","type":"page","link":"https:\/\/schmidt-text.de\/marketing\/referenzen\/htw\/","title":{"rendered":"Howden Turbowerke"},"content":{"rendered":"<h2>Howden Turbowerke<\/h2>\n<p>Das Unternehmen aus dem s\u00e4chsischen Coswig entwickelt und baut kundenspezifische Industrieventilatoren \u2013 f\u00fcr Kraftwerke, Zementwerke oder auch die metallurgische Industrie. Die Maschinen erreichen nicht selten die Gr\u00f6\u00dfe eines Einfamilienhauses und sind hochkomplex. Planung, Entwicklung, Produktion, Lieferung und Aufbau vor Ort \u2013 alles ist zwei Nummern gr\u00f6\u00dfer als anderswo. Trotzdem geben die Howden Turbowerke ihren Kunden das Gef\u00fchl, dass sie das Projekt fest im Griff haben, bis ins letzte Detail hinein. Was man nicht alles \u00fcber Industrieventilatoren wissen muss, bevor man wei\u00df, was man braucht! Die Unternehmensbrosch\u00fcre erhielt den Duktus eines &#8222;Erkl\u00e4rbuchs f\u00fcr Erwachsene&#8220;.<\/p>\n<p>Umsetzung: Schmidt &amp; Schumann<\/p>\n<p><a href=\"https:\/\/schmidt-text.de\/marketing\/wp-content\/uploads\/Howden_Turbowerke.png\" target=\"_blank\" rel=\"noopener\"><img loading=\"lazy\" decoding=\"async\" class=\"alignnone wp-image-658 size-medium\" title=\"Howden_Turbowerke\" src=\"https:\/\/schmidt-text.de\/marketing\/wp-content\/uploads\/Howden_Turbowerke-300x212.png\" alt=\"\" width=\"300\" height=\"212\" srcset=\"https:\/\/schmidt-text.de\/marketing\/wp-content\/uploads\/Howden_Turbowerke-300x212.png 300w, https:\/\/schmidt-text.de\/marketing\/wp-content\/uploads\/Howden_Turbowerke-768x542.png 768w, https:\/\/schmidt-text.de\/marketing\/wp-content\/uploads\/Howden_Turbowerke-700x494.png 700w, https:\/\/schmidt-text.de\/marketing\/wp-content\/uploads\/Howden_Turbowerke-800x565.png 800w, https:\/\/schmidt-text.de\/marketing\/wp-content\/uploads\/Howden_Turbowerke.png 1392w\" sizes=\"auto, (max-width: 300px) 100vw, 300px\" \/><\/a><\/p>\n<p>&nbsp;<\/p>\n","protected":false},"excerpt":{"rendered":"<p>Howden Turbowerke Das Unternehmen aus dem s\u00e4chsischen Coswig entwickelt und baut kundenspezifische Industrieventilatoren \u2013 f\u00fcr Kraftwerke, Zementwerke oder auch die metallurgische Industrie. Die Maschinen erreichen nicht selten die Gr\u00f6\u00dfe eines Einfamilienhauses und sind hochkomplex. Planung, Entwicklung, Produktion, Lieferung und Aufbau vor Ort \u2013 alles ist zwei Nummern gr\u00f6\u00dfer als anderswo. Trotzdem geben die Howden Turbowerke&#8230;<\/p>\n","protected":false},"author":2,"featured_media":0,"parent":129,"menu_order":0,"comment_status":"closed","ping_status":"closed","template":"","meta":{"footnotes":""},"class_list":["post-143","page","type-page","status-publish","hentry"],"_links":{"self":[{"href":"https:\/\/schmidt-text.de\/marketing\/wp-json\/wp\/v2\/pages\/143","targetHints":{"allow":["GET"]}}],"collection":[{"href":"https:\/\/schmidt-text.de\/marketing\/wp-json\/wp\/v2\/pages"}],"about":[{"href":"https:\/\/schmidt-text.de\/marketing\/wp-json\/wp\/v2\/types\/page"}],"author":[{"embeddable":true,"href":"https:\/\/schmidt-text.de\/marketing\/wp-json\/wp\/v2\/users\/2"}],"replies":[{"embeddable":true,"href":"https:\/\/schmidt-text.de\/marketing\/wp-json\/wp\/v2\/comments?post=143"}],"version-history":[{"count":7,"href":"https:\/\/schmidt-text.de\/marketing\/wp-json\/wp\/v2\/pages\/143\/revisions"}],"predecessor-version":[{"id":847,"href":"https:\/\/schmidt-text.de\/marketing\/wp-json\/wp\/v2\/pages\/143\/revisions\/847"}],"up":[{"embeddable":true,"href":"https:\/\/schmidt-text.de\/marketing\/wp-json\/wp\/v2\/pages\/129"}],"wp:attachment":[{"href":"https:\/\/schmidt-text.de\/marketing\/wp-json\/wp\/v2\/media?parent=143"}],"curies":[{"name":"wp","href":"https:\/\/api.w.org\/{rel}","templated":true}]}}