{"id":148,"date":"2014-01-08T14:51:10","date_gmt":"2014-01-08T12:51:10","guid":{"rendered":"http:\/\/schmidt-text.de\/marketing\/?page_id=148"},"modified":"2024-06-21T12:20:57","modified_gmt":"2024-06-21T11:20:57","slug":"sick","status":"publish","type":"page","link":"https:\/\/schmidt-text.de\/marketing\/referenzen\/sick\/","title":{"rendered":"Sick Engineering"},"content":{"rendered":"<h2>Sick Engineering<\/h2>\n<p>Wie bewirbt man Abgasmesser f\u00fcr Fackelgaskan\u00e4le in saudiarabischen Raffinerien? Staubmessger\u00e4te f\u00fcr Zementwerke in den USA? Oder Gasz\u00e4hler f\u00fcr deutsche Stadtwerke? Indem man sagt, dass sie im Gegensatz zu Wettbewerberprodukten nicht nur genau sind, sondern einfach auch mal halten. Anzeigen, Brosch\u00fcren, Messest\u00e4nde, YouTube-Erkl\u00e4rfilme. Sick Engineering ist eine im s\u00e4chsischen Ottendorf-Okrilla beheimatete Tochter des Messtechnik-Unternehmens Sick.<\/p>\n<p>Fotografie: J\u00fcrgen Jeibmann, Umsetzung: Schmidt &amp; Schumann<\/p>\n<p><a href=\"https:\/\/schmidt-text.de\/marketing\/wp-content\/uploads\/SIC_Anzeige_1.jpg\" target=\"_blank\" rel=\"noopener\"><img loading=\"lazy\" decoding=\"async\" class=\"alignnone wp-image-333 size-medium\" src=\"https:\/\/schmidt-text.de\/marketing\/wp-content\/uploads\/SIC_Anzeige_1-213x300.jpg\" alt=\"SIC_Anzeige_1\" width=\"213\" height=\"300\" srcset=\"https:\/\/schmidt-text.de\/marketing\/wp-content\/uploads\/SIC_Anzeige_1-213x300.jpg 213w, https:\/\/schmidt-text.de\/marketing\/wp-content\/uploads\/SIC_Anzeige_1-727x1024.jpg 727w, https:\/\/schmidt-text.de\/marketing\/wp-content\/uploads\/SIC_Anzeige_1.jpg 1264w\" sizes=\"auto, (max-width: 213px) 100vw, 213px\" \/><\/a> <a href=\"https:\/\/schmidt-text.de\/marketing\/wp-content\/uploads\/SIC_Anzeige_2.jpg\" target=\"_blank\" rel=\"noopener\"><img loading=\"lazy\" decoding=\"async\" class=\"alignnone wp-image-336 size-medium\" src=\"https:\/\/schmidt-text.de\/marketing\/wp-content\/uploads\/SIC_Anzeige_2-213x300.jpg\" alt=\"SIC_Anzeige_2\" width=\"213\" height=\"300\" srcset=\"https:\/\/schmidt-text.de\/marketing\/wp-content\/uploads\/SIC_Anzeige_2-213x300.jpg 213w, https:\/\/schmidt-text.de\/marketing\/wp-content\/uploads\/SIC_Anzeige_2-727x1024.jpg 727w, https:\/\/schmidt-text.de\/marketing\/wp-content\/uploads\/SIC_Anzeige_2.jpg 843w\" sizes=\"auto, (max-width: 213px) 100vw, 213px\" \/><\/a><a href=\"https:\/\/schmidt-text.de\/marketing\/wp-content\/uploads\/FS600.png\"><img loading=\"lazy\" decoding=\"async\" class=\"alignnone wp-image-814\" title=\"FS600\" src=\"https:\/\/schmidt-text.de\/marketing\/wp-content\/uploads\/FS600-218x300.png\" alt=\"\" width=\"221\" height=\"304\" srcset=\"https:\/\/schmidt-text.de\/marketing\/wp-content\/uploads\/FS600-218x300.png 218w, https:\/\/schmidt-text.de\/marketing\/wp-content\/uploads\/FS600-700x961.png 700w, https:\/\/schmidt-text.de\/marketing\/wp-content\/uploads\/FS600-768x1055.png 768w, https:\/\/schmidt-text.de\/marketing\/wp-content\/uploads\/FS600.png 782w\" sizes=\"auto, (max-width: 221px) 100vw, 221px\" \/><\/a><\/p>\n","protected":false},"excerpt":{"rendered":"<p>Sick Engineering Wie bewirbt man Abgasmesser f\u00fcr Fackelgaskan\u00e4le in saudiarabischen Raffinerien? Staubmessger\u00e4te f\u00fcr Zementwerke in den USA? Oder Gasz\u00e4hler f\u00fcr deutsche Stadtwerke? Indem man sagt, dass sie im Gegensatz zu Wettbewerberprodukten nicht nur genau sind, sondern einfach auch mal halten. Anzeigen, Brosch\u00fcren, Messest\u00e4nde, YouTube-Erkl\u00e4rfilme. Sick Engineering ist eine im s\u00e4chsischen Ottendorf-Okrilla beheimatete Tochter des Messtechnik-Unternehmens&#8230;<\/p>\n","protected":false},"author":2,"featured_media":0,"parent":129,"menu_order":0,"comment_status":"closed","ping_status":"closed","template":"","meta":{"footnotes":""},"class_list":["post-148","page","type-page","status-publish","hentry"],"_links":{"self":[{"href":"https:\/\/schmidt-text.de\/marketing\/wp-json\/wp\/v2\/pages\/148","targetHints":{"allow":["GET"]}}],"collection":[{"href":"https:\/\/schmidt-text.de\/marketing\/wp-json\/wp\/v2\/pages"}],"about":[{"href":"https:\/\/schmidt-text.de\/marketing\/wp-json\/wp\/v2\/types\/page"}],"author":[{"embeddable":true,"href":"https:\/\/schmidt-text.de\/marketing\/wp-json\/wp\/v2\/users\/2"}],"replies":[{"embeddable":true,"href":"https:\/\/schmidt-text.de\/marketing\/wp-json\/wp\/v2\/comments?post=148"}],"version-history":[{"count":5,"href":"https:\/\/schmidt-text.de\/marketing\/wp-json\/wp\/v2\/pages\/148\/revisions"}],"predecessor-version":[{"id":833,"href":"https:\/\/schmidt-text.de\/marketing\/wp-json\/wp\/v2\/pages\/148\/revisions\/833"}],"up":[{"embeddable":true,"href":"https:\/\/schmidt-text.de\/marketing\/wp-json\/wp\/v2\/pages\/129"}],"wp:attachment":[{"href":"https:\/\/schmidt-text.de\/marketing\/wp-json\/wp\/v2\/media?parent=148"}],"curies":[{"name":"wp","href":"https:\/\/api.w.org\/{rel}","templated":true}]}}