{"id":150,"date":"2014-01-08T14:51:43","date_gmt":"2014-01-08T12:51:43","guid":{"rendered":"http:\/\/schmidt-text.de\/marketing\/?page_id=150"},"modified":"2024-06-21T09:18:24","modified_gmt":"2024-06-21T08:18:24","slug":"ult","status":"publish","type":"page","link":"https:\/\/schmidt-text.de\/marketing\/referenzen\/ult\/","title":{"rendered":"ULT"},"content":{"rendered":"<h2>ULT<\/h2>\n<p>Was unterscheidet Absaug- und Filtertechnologie der Spitzenklasse von einfach nur Absaug- und Filtertechnologie? Die gr\u00f6\u00dfere N\u00e4he zum individuellen Produktionsprozess des Kunden und seinem Schadstoffproblem \u2013 aufgrund des eigenen starken F&amp;E-Engagements in der Prozessentwicklung. Und aufgrund hohen ingenieurtechnischen Niveaus. Michael Schmidt half dabei, das Technologie-Unternehmen ULT aus dem s\u00e4chsischen L\u00f6bau zur Marke werden zu lassen. Erst gab es Position Statement und Claim. Dann folgten Anzeigen, Brosch\u00fcren, Messest\u00e4nde und die Erstkonzeption der Website.<\/p>\n<p>Umsetzung: Schmidt &amp; Schumann<\/p>\n<p><a href=\"https:\/\/schmidt-text.de\/marketing\/wp-content\/uploads\/ULT.jpg\" target=\"_blank\" rel=\"noopener\"><img loading=\"lazy\" decoding=\"async\" class=\"alignnone wp-image-339 \" src=\"https:\/\/schmidt-text.de\/marketing\/wp-content\/uploads\/ULT-300x98.jpg\" alt=\"ULT\" width=\"407\" height=\"133\" srcset=\"https:\/\/schmidt-text.de\/marketing\/wp-content\/uploads\/ULT-300x98.jpg 300w, https:\/\/schmidt-text.de\/marketing\/wp-content\/uploads\/ULT-1024x336.jpg 1024w, https:\/\/schmidt-text.de\/marketing\/wp-content\/uploads\/ULT.jpg 1660w\" sizes=\"auto, (max-width: 407px) 100vw, 407px\" \/><\/a><\/p>\n","protected":false},"excerpt":{"rendered":"<p>ULT Was unterscheidet Absaug- und Filtertechnologie der Spitzenklasse von einfach nur Absaug- und Filtertechnologie? Die gr\u00f6\u00dfere N\u00e4he zum individuellen Produktionsprozess des Kunden und seinem Schadstoffproblem \u2013 aufgrund des eigenen starken F&amp;E-Engagements in der Prozessentwicklung. Und aufgrund hohen ingenieurtechnischen Niveaus. Michael Schmidt half dabei, das Technologie-Unternehmen ULT aus dem s\u00e4chsischen L\u00f6bau zur Marke werden zu lassen&#8230;.<\/p>\n","protected":false},"author":2,"featured_media":0,"parent":129,"menu_order":0,"comment_status":"closed","ping_status":"closed","template":"","meta":{"footnotes":""},"class_list":["post-150","page","type-page","status-publish","hentry"],"_links":{"self":[{"href":"https:\/\/schmidt-text.de\/marketing\/wp-json\/wp\/v2\/pages\/150","targetHints":{"allow":["GET"]}}],"collection":[{"href":"https:\/\/schmidt-text.de\/marketing\/wp-json\/wp\/v2\/pages"}],"about":[{"href":"https:\/\/schmidt-text.de\/marketing\/wp-json\/wp\/v2\/types\/page"}],"author":[{"embeddable":true,"href":"https:\/\/schmidt-text.de\/marketing\/wp-json\/wp\/v2\/users\/2"}],"replies":[{"embeddable":true,"href":"https:\/\/schmidt-text.de\/marketing\/wp-json\/wp\/v2\/comments?post=150"}],"version-history":[{"count":6,"href":"https:\/\/schmidt-text.de\/marketing\/wp-json\/wp\/v2\/pages\/150\/revisions"}],"predecessor-version":[{"id":809,"href":"https:\/\/schmidt-text.de\/marketing\/wp-json\/wp\/v2\/pages\/150\/revisions\/809"}],"up":[{"embeddable":true,"href":"https:\/\/schmidt-text.de\/marketing\/wp-json\/wp\/v2\/pages\/129"}],"wp:attachment":[{"href":"https:\/\/schmidt-text.de\/marketing\/wp-json\/wp\/v2\/media?parent=150"}],"curies":[{"name":"wp","href":"https:\/\/api.w.org\/{rel}","templated":true}]}}