{"id":163,"date":"2014-01-08T18:19:15","date_gmt":"2014-01-08T16:19:15","guid":{"rendered":"http:\/\/schmidt-text.de\/marketing\/?page_id=163"},"modified":"2024-06-21T12:36:17","modified_gmt":"2024-06-21T11:36:17","slug":"cep","status":"publish","type":"page","link":"https:\/\/schmidt-text.de\/marketing\/referenzen\/cep\/","title":{"rendered":"CEP Freiberg"},"content":{"rendered":"<h2>CEP Freiberg<\/h2>\n<p>CEP Freiberg entwickelt Sonderwerkstoffe, die ein Sondermarketing erfordern: Es darf nicht den Horizont verengen. Wichtig ist, dass verschiedenste Technologiebranchen das Potential der Werkstoffe f\u00fcr die eigenen Produkte erkennen. Entsprechend wurde das Unternehmen im Markt positioniert. Zentrale Umsetzung: die <a href=\"http:\/\/www.cep-freiberg.de\">Website<\/a>. Michael Schmidt war verantwortlich f\u00fcr Konzeption, Text und Umsetzungsbetreuung. Dar\u00fcber hinaus wurde ein <a href=\"https:\/\/www.kupfer-hochtemperaturwerkstoffe.de\/blog\">Blog<\/a> aufgesetzt, in dem die M\u00f6glichkeiten der Werkstoffe permanent beschrieben werden. Es entstanden und entstehen Brosch\u00fcren sowie Drehb\u00fccher f\u00fcr Firmenvideos.<\/p>\n<p>Webdesign: Webkommunikation 24, Grafik Print: Punkt 191, Videos: Avecfilm<\/p>\n<p><a href=\"https:\/\/schmidt-text.de\/marketing\/wp-content\/uploads\/CEP-2.png\"><img loading=\"lazy\" decoding=\"async\" class=\"alignnone wp-image-820 size-medium\" title=\"CEP\" src=\"https:\/\/schmidt-text.de\/marketing\/wp-content\/uploads\/CEP-2-300x133.png\" alt=\"\" width=\"300\" height=\"133\" srcset=\"https:\/\/schmidt-text.de\/marketing\/wp-content\/uploads\/CEP-2-300x133.png 300w, https:\/\/schmidt-text.de\/marketing\/wp-content\/uploads\/CEP-2-700x311.png 700w, https:\/\/schmidt-text.de\/marketing\/wp-content\/uploads\/CEP-2-768x341.png 768w, https:\/\/schmidt-text.de\/marketing\/wp-content\/uploads\/CEP-2-1536x682.png 1536w, https:\/\/schmidt-text.de\/marketing\/wp-content\/uploads\/CEP-2-800x355.png 800w, https:\/\/schmidt-text.de\/marketing\/wp-content\/uploads\/CEP-2.png 1870w\" sizes=\"auto, (max-width: 300px) 100vw, 300px\" \/><\/a><\/p>\n<p>&nbsp;<\/p>\n","protected":false},"excerpt":{"rendered":"<p>CEP Freiberg CEP Freiberg entwickelt Sonderwerkstoffe, die ein Sondermarketing erfordern: Es darf nicht den Horizont verengen. Wichtig ist, dass verschiedenste Technologiebranchen das Potential der Werkstoffe f\u00fcr die eigenen Produkte erkennen. Entsprechend wurde das Unternehmen im Markt positioniert. Zentrale Umsetzung: die Website. Michael Schmidt war verantwortlich f\u00fcr Konzeption, Text und Umsetzungsbetreuung. Dar\u00fcber hinaus wurde ein Blog&#8230;<\/p>\n","protected":false},"author":2,"featured_media":0,"parent":129,"menu_order":0,"comment_status":"closed","ping_status":"closed","template":"","meta":{"footnotes":""},"class_list":["post-163","page","type-page","status-publish","hentry"],"_links":{"self":[{"href":"https:\/\/schmidt-text.de\/marketing\/wp-json\/wp\/v2\/pages\/163","targetHints":{"allow":["GET"]}}],"collection":[{"href":"https:\/\/schmidt-text.de\/marketing\/wp-json\/wp\/v2\/pages"}],"about":[{"href":"https:\/\/schmidt-text.de\/marketing\/wp-json\/wp\/v2\/types\/page"}],"author":[{"embeddable":true,"href":"https:\/\/schmidt-text.de\/marketing\/wp-json\/wp\/v2\/users\/2"}],"replies":[{"embeddable":true,"href":"https:\/\/schmidt-text.de\/marketing\/wp-json\/wp\/v2\/comments?post=163"}],"version-history":[{"count":5,"href":"https:\/\/schmidt-text.de\/marketing\/wp-json\/wp\/v2\/pages\/163\/revisions"}],"predecessor-version":[{"id":836,"href":"https:\/\/schmidt-text.de\/marketing\/wp-json\/wp\/v2\/pages\/163\/revisions\/836"}],"up":[{"embeddable":true,"href":"https:\/\/schmidt-text.de\/marketing\/wp-json\/wp\/v2\/pages\/129"}],"wp:attachment":[{"href":"https:\/\/schmidt-text.de\/marketing\/wp-json\/wp\/v2\/media?parent=163"}],"curies":[{"name":"wp","href":"https:\/\/api.w.org\/{rel}","templated":true}]}}