{"id":605,"date":"2018-05-29T22:26:20","date_gmt":"2018-05-29T21:26:20","guid":{"rendered":"http:\/\/schmidt-text.de\/marketing\/?page_id=605"},"modified":"2018-05-30T08:53:58","modified_gmt":"2018-05-30T07:53:58","slug":"datenschutz","status":"publish","type":"page","link":"https:\/\/schmidt-text.de\/marketing\/datenschutz\/","title":{"rendered":"Datenschutz"},"content":{"rendered":"<p><strong><u>Datenschutzerkl\u00e4rung<\/u><\/strong><\/p>\n<p><strong>1. Grundlegendes<\/strong><\/p>\n<p>Diese Website, die von dem Einzelunternehmen Michael Schmidt Text |\u00a0Konzeption betrieben wird, kann ohne jede Angabe personenbezogener Daten genutzt werden. Erhoben und verarbeitet werden solche Daten nur insoweit, als es zum Zugriff auf die Website aus technischen Gr\u00fcnden unbedingt notwendig ist. Die technische Verwaltung der Website, das so genannte Hosting, liegt in den H\u00e4nden der Alfahosting GmbH, Ankerstra\u00dfe 3b, 06108 Halle (Saale), Deutschland. Mit dem Unternehmen wurde ein Vertrag zur Auftragsverarbeitung geschlossen.<strong>\u00a0<\/strong><\/p>\n<p><strong> 2. Name und Anschrift des f\u00fcr die Verarbeitung Verantwortlichen<\/strong><\/p>\n<p>Verantwortlicher im Sinne der Datenschutz-Grundverordnung, sonstiger in den Mitgliedstaaten der Europ\u00e4ischen Union geltenden Datenschutzgesetze und anderer Bestimmungen mit datenschutzrechtlichem Charakter (nachfolgend: der f\u00fcr die Verarbeitung Verantwortliche) ist Michael Schmidt, Lewickistra\u00dfe 55 b, 01279 Dresden, Deutschland, Tel. +49 351 25 06 29 55, ms@schmidt-text.de.<\/p>\n<p><strong> 3. Cookies<\/strong><\/p>\n<p>Die Website von Michael Schmidt Text |\u00a0Konzeption verwendet Cookies. Das sind Textdateien, welche auf einem Computersystem abgelegt und gespeichert werden. Zahlreiche Websites und Server verwenden Cookies. Durch ihren Einsatz kann Michael Schmidt Text |\u00a0Konzeption nutzerfreundlichere Services bereitstellen, die ohne die Cookie-Setzung nicht m\u00f6glich w\u00e4ren.<\/p>\n<p>Viele Cookies enthalten eine sogenannte Cookie-ID. Eine Cookie-ID ist eine eindeutige Kennung des Cookies. Sie besteht aus einer Zeichenfolge, durch welche Websiten und Server dem konkreten Internetbrowser zugeordnet werden k\u00f6nnen, \u00fcber den das Cookie gespeichert wurde. Ein bestimmter Internetbrowser kann so \u00fcber die eindeutige Cookie-ID wiedererkannt und identifiziert werden.<\/p>\n<p>Die betroffene Person kann die Setzung von Cookies durch die Website jederzeit mittels einer entsprechenden Einstellung des genutzten Internetbrowsers verhindern und damit der Setzung von Cookies dauerhaft widersprechen. Ferner k\u00f6nnen bereits gesetzte Cookies jederzeit \u00fcber einen Internetbrowser oder andere Softwareprogramme gel\u00f6scht werden. Deaktiviert die betroffene Person die Setzung von Cookies in dem genutzten Internetbrowser, sind unter Umst\u00e4nden nicht alle Funktionen der Website vollumf\u00e4nglich nutzbar.<strong>\u00a0<\/strong><\/p>\n<p><strong> 4. SSL-Verschl\u00fcsselung<\/strong><\/p>\n<p>Die Website von Michael Schmidt Text |\u00a0Konzeption bedient sich einer SSL-Verschl\u00fcsselung. \u00dcber SSL verschl\u00fcsselte Daten sind nicht von Dritten lesbar. Achten Sie bitte darauf, dass die SSL-Verschl\u00fcsselung bei entsprechenden Aktivit\u00e4ten von Ihrer Seite her aktiviert ist. Der Einsatz der Verschl\u00fcsselung ist leicht zu erkennen: Die Anzeige in Ihrer Browseradresszeile zeigt \u201ehttps:\/\/\u201c.<\/p>\n<p><strong>5. <\/strong><strong>Erfassung von allgemeinen Daten und Informationen<\/strong><\/p>\n<p>Die Website von Michael Schmidt Text |\u00a0Konzeption erfasst mit jedem Aufruf durch eine betroffene Person oder ein automatisiertes System eine Reihe von allgemeinen Daten und Informationen. Diese allgemeinen Daten und Informationen werden in den Logfiles des Servers gespeichert. Erfasst werden k\u00f6nnen die (a) verwendeten Browsertypen und Versionen, (b) das vom zugreifenden System verwendete Betriebssystem, (c) die Website, von welcher ein zugreifendes System auf die Website von Michael Schmidt Text |\u00a0Konzeption gelangt (sogenannte Referrer), (d) die Unterwebseiten, welche \u00fcber ein zugreifendes System auf der Website von Michael Schmidt Text |\u00a0Konzeption angesteuert werden, (e) das Datum und die Uhrzeit eines Zugriffs auf die Website, (f) eine Internet-Protokoll-Adresse (IP-Adresse), (g) der Internet-Service-Provider des zugreifenden Systems und (h) sonstige \u00e4hnliche Daten und Informationen, die der Gefahrenabwehr im Falle von Angriffen auf die IT-Systeme dienen.<\/p>\n<p>Bei der Nutzung dieser allgemeinen Daten und Informationen zieht Michael Schmidt Text |\u00a0Konzeption keine R\u00fcckschl\u00fcsse auf die betroffene Person. Diese Informationen werden vielmehr ben\u00f6tigt, um (1) die Inhalte der Website korrekt auszuliefern, (2) die Inhalte der Website sowie die Werbung f\u00fcr diese zu optimieren, (3) die dauerhafte Funktionsf\u00e4higkeit der IT-Systeme und der Technik zu gew\u00e4hrleisten, sowie (4) um Strafverfolgungsbeh\u00f6rden im Falle eines Cyberangriffes die zur Strafverfolgung notwendigen Informationen bereitzustellen. Diese anonym erhobenen Daten und Informationen werden durch Michael Schmidt Text |\u00a0Konzeption daher einerseits statistisch und ferner mit dem Ziel ausgewertet, den Datenschutz und die Datensicherheit zu erh\u00f6hen, um letztlich ein optimales Schutzniveau f\u00fcr die verarbeiteten personenbezogenen Daten sicherzustellen.<\/p>\n<p><strong>6. Kontaktm\u00f6glichkeit \u00fcber die Website<\/strong><\/p>\n<p>Die Website von Michael Schmidt Text |\u00a0Konzeption enth\u00e4lt aufgrund von gesetzlichen Vorschriften Angaben, die eine schnelle elektronische Kontaktaufnahme erm\u00f6glichen, wozu auch eine Adresse der sogenannten elektronischen Post (E-Mail-Adresse) geh\u00f6rt. Sie bietet jedoch selbst kein Kontaktformular an. Sofern eine betroffene Person per E-Mail den Kontakt mit dem f\u00fcr die Verarbeitung Verantwortlichen aufnimmt, werden die von der betroffenen Person \u00fcbermittelten personenbezogenen Daten automatisch gespeichert. Solche auf freiwilliger Basis von einer betroffenen Person an den f\u00fcr die Verarbeitung Verantwortlichen \u00fcbermittelten personenbezogenen Daten werden f\u00fcr Zwecke der Bearbeitung oder der Kontaktaufnahme zur betroffenen Person gespeichert. Es erfolgt keine Weitergabe dieser personenbezogenen Daten an Dritte.<\/p>\n<p><strong>7. Newsletter-Versand<\/strong><\/p>\n<p>Die Website von Michael Schmidt Text |\u00a0Konzeption bietet keinen Newsletter an.<\/p>\n<p><strong>8. <\/strong><strong>L\u00f6schung und Sperrung von personenbezogenen Daten<\/strong><\/p>\n<p>Der f\u00fcr die Verarbeitung Verantwortliche verarbeitet und speichert personenbezogene Daten der betroffenen Person nur f\u00fcr den Zeitraum, der zur Erreichung des Speicherungszwecks erforderlich ist oder sofern dies in Gesetzen oder Vorschriften vorgesehen wurde. Entf\u00e4llt der Speicherungszweck oder l\u00e4uft eine vorgeschriebene Speicherfrist ab, werden die personenbezogenen Daten entsprechend den gesetzlichen Vorschriften gesperrt oder gel\u00f6scht.<\/p>\n<p><strong>9. <\/strong><strong>Einsatz und Verwendung von sozialen Netzwerken<\/strong><\/p>\n<p>Die Website von Michael Schmidt Text |\u00a0Konzeption ist nicht mit den Websites sozialer Netzwerke (Social Media) verbunden (&#8222;verlinkt&#8220;) \u2013 wie beispielsweise Facebook, Twitter, YouTube, Xing oder LinkedIn.<\/p>\n<p><strong>10. <\/strong><strong>Datenschutzbestimmungen zu Einsatz und Verwendung von Google Search Console<\/strong><\/p>\n<p>Die Website von Michael Schmidt Text |\u00a0Konzeption benutzt nicht Google Analytics, den Webanalysedienst der Google Inc. (\u201eGoogle&#8220;). Statt dessen verwendet sie zur \u00dcberpr\u00fcfung der Funktionalit\u00e4t der Website lediglich die Google Search Console (ehemals: Google Webmastertools). Dieser Dienst verarbeitet keine Nutzerdaten, sondern greift nur auf das archivierte Wissen von Google \u00fcber die Website zur\u00fcck.<\/p>\n<p><strong>11. <\/strong><strong>Datenschutzbestimmungen zu Einsatz und Verwendung von Google Web Fonts<\/strong><\/p>\n<p>Diese Website nutzt zur einheitlichen Darstellung von Schriftarten so genannte Web Fonts, die von Google bereitgestellt werden. Beim Aufruf einer Seite l\u00e4dt Ihr Browser die ben\u00f6tigten Web Fonts in ihren Browsercache, um Texte und Schriftarten korrekt anzuzeigen. Zu diesem Zweck muss der von Ihnen verwendete Browser Verbindung zu den Servern von Google aufnehmen. Hierdurch erlangt Google Kenntnis dar\u00fcber, dass \u00fcber Ihre IP-Adresse die Website von Michael Schmidt Text |\u00a0Konzeption aufgerufen wurde. Die Nutzung von Google Web Fonts erfolgt im Interesse einer einheitlichen und ansprechenden Darstellung der Website. Dies stellt ein berechtigtes Interesse im Sinne von Art. 6 Abs. 1 lit. f DSGVO dar.<\/p>\n<p>Wenn Ihr Browser Web Fonts nicht unterst\u00fctzt, wird eine Standardschrift von Ihrem Computer genutzt. Weitere Informationen zu Google Web Fonts finden Sie unter\u00a0<a href=\"https:\/\/developers.google.com\/fonts\/faq\">https:\/\/developers.google.com\/fonts\/faq<\/a>\u00a0und in der Datenschutzerkl\u00e4rung von Google:\u00a0<a href=\"https:\/\/www.google.com\/policies\/privacy\/\">https:\/\/www.google.com\/policies\/privacy\/<\/a><\/p>\n<p><strong>12. <\/strong><strong>Rechtsgrundlage f\u00fcr die Verarbeitung personenbezogener Daten<\/strong><\/p>\n<p>Soweit Michael Schmidt Text |\u00a0Konzeption f\u00fcr Verarbeitungsvorg\u00e4nge personenbezogener Daten eine Einwilligung der betroffenen Person einholt, dient Art.\u00a06 Abs.\u00a01 lit.\u00a0a EU-Datenschutzgrundverordnung (DSGVO) als Rechtsgrundlage f\u00fcr die Verarbeitung personenbezogener Daten.<\/p>\n<p>Bei der Verarbeitung von personenbezogenen Daten, die zur Erf\u00fcllung eines Vertrages, dessen Vertragspartei die betroffene Person ist, erforderlich ist, dient Art.\u00a06 Abs.\u00a01 lit.\u00a0b DSGVO als Rechtsgrundlage. Dies gilt auch f\u00fcr Verarbeitungsvorg\u00e4nge, die zur Durchf\u00fchrung vorvertraglicher Ma\u00dfnahmen erforderlich sind.<\/p>\n<p>Soweit eine Verarbeitung personenbezogener Daten zur Erf\u00fcllung einer rechtlichen Verpflichtung erforderlich ist, der Michael Schmidt Text |\u00a0Konzeption unterliegt, dient Art.\u00a06 Abs.\u00a01 lit.\u00a0c DSGVO als Rechtsgrundlage.<\/p>\n<p>F\u00fcr den Fall, dass lebenswichtige Interessen der betroffenen Person oder einer anderen nat\u00fcrlichen Person eine Verarbeitung personenbezogener Daten erforderlich machen, dient Art.\u00a06 Abs.\u00a01 lit.\u00a0d DSGVO als Rechtsgrundlage.<\/p>\n<p>Ist die Verarbeitung zur Wahrung eines berechtigten Interesses von Michael Schmidt Text |\u00a0Konzeption oder eines Dritten erforderlich und \u00fcberwiegen die Interessen, Grundrechte und Grundfreiheiten des Betroffenen das erstgenannte Interesse nicht, so dient Art.\u00a06 Abs.\u00a01 lit.\u00a0f DSGVO als Rechtsgrundlage f\u00fcr die Verarbeitung.<\/p>\n<p><strong>13. <\/strong><strong>Rechte der betroffenen Person<\/strong><\/p>\n<p><strong>13.1 Recht auf Best\u00e4tigung<\/strong><\/p>\n<p>Jede betroffene Person hat das vom Europ\u00e4ischen Richtlinien- und Verordnungsgeber einger\u00e4umte Recht, von dem f\u00fcr die Verarbeitung Verantwortlichen eine Best\u00e4tigung dar\u00fcber zu verlangen, ob sie betreffende personenbezogene Daten verarbeitet werden. M\u00f6chte eine betroffene Person dieses Best\u00e4tigungsrecht in Anspruch nehmen, kann sie sich hierzu jederzeit an Michael Schmidt Text |\u00a0Konzeption wenden.<strong>\u00a0<\/strong><\/p>\n<p><strong>13.2 Recht auf Auskunft<\/strong><\/p>\n<p>Jede von der Verarbeitung personenbezogener Daten betroffene Person hat das vom Europ\u00e4ischen Richtlinien- und Verordnungsgeber gew\u00e4hrte Recht, jederzeit von dem f\u00fcr die Verarbeitung Verantwortlichen unentgeltliche Auskunft \u00fcber die zu seiner Person gespeicherten personenbezogenen Daten und eine Kopie dieser Auskunft zu erhalten. Ferner hat der Europ\u00e4ische Richtlinien- und Verordnungsgeber der betroffenen Person Auskunft \u00fcber folgende Informationen zugestanden:<\/p>\n<ul>\n<li>die Verarbeitungszwecke<\/li>\n<li>die Kategorien personenbezogener Daten, die verarbeitet werden<\/li>\n<li>die Empf\u00e4nger oder Kategorien von Empf\u00e4ngern, gegen\u00fcber denen die personenbezogenen Daten offengelegt worden sind oder noch offengelegt werden, insbesondere bei Empf\u00e4ngern in Drittl\u00e4ndern oder bei internationalen Organisationen<\/li>\n<li>falls m\u00f6glich die geplante Dauer, f\u00fcr die die personenbezogenen Daten gespeichert werden, oder, falls dies nicht m\u00f6glich ist, die Kriterien f\u00fcr die Festlegung dieser Dauer<\/li>\n<li>das Bestehen eines Rechts auf Berichtigung oder L\u00f6schung der sie betreffenden personenbezogenen Daten oder auf Einschr\u00e4nkung der Verarbeitung durch den Verantwortlichen oder eines Widerspruchsrechts gegen diese Verarbeitung<\/li>\n<li>das Bestehen eines Beschwerderechts bei einer <a href=\"https:\/\/www.lfd.niedersachsen.de\/startseite\/\">Aufsichtsbeh\u00f6rde<\/a><\/li>\n<li>wenn die personenbezogenen Daten nicht bei der betroffenen Person erhoben werden: Alle verf\u00fcgbaren Informationen \u00fcber die Herkunft der Daten<\/li>\n<li>das Bestehen einer automatisierten Entscheidungsfindung einschlie\u00dflich Profiling gem\u00e4\u00df Artikel 22 Abs.1 und 4 DSGVO und &#8211; zumindest in diesen F\u00e4llen &#8211; aussagekr\u00e4ftige Informationen \u00fcber die involvierte Logik sowie die Tragweite und die angestrebten Auswirkungen einer derartigen Verarbeitung f\u00fcr die betroffene Person.<\/li>\n<\/ul>\n<p>Ferner steht der betroffenen Person ein Auskunftsrecht dar\u00fcber zu, ob personenbezogene Daten an ein Drittland oder an eine internationale Organisation \u00fcbermittelt wurden. Sofern dies der Fall ist, so steht der betroffenen Person im \u00dcbrigen das Recht zu, Auskunft \u00fcber die geeigneten Garantien im Zusammenhang mit der \u00dcbermittlung zu erhalten.<\/p>\n<p>M\u00f6chte eine betroffene Person dieses Auskunftsrecht in Anspruch nehmen, kann sie sich hierzu jederzeit an Michael Schmidt Text |\u00a0Konzeption wenden.<\/p>\n<p><strong>13.3 Recht auf Berichtigung<\/strong><\/p>\n<p>Jede von der Verarbeitung personenbezogener Daten betroffene Person hat das vom Europ\u00e4ischen Richtlinien- und Verordnungsgeber gew\u00e4hrte Recht, die unverz\u00fcgliche Berichtigung sie betreffender unrichtiger personenbezogener Daten zu verlangen. Ferner steht der betroffenen Person das Recht zu, unter Ber\u00fccksichtigung der Zwecke der Verarbeitung, die Vervollst\u00e4ndigung unvollst\u00e4ndiger personenbezogener Daten &#8211; auch mittels einer erg\u00e4nzenden Erkl\u00e4rung &#8211; zu verlangen. M\u00f6chte eine betroffene Person dieses Berichtigungsrecht in Anspruch nehmen, kann sie sich hierzu jederzeit an Michael Schmidt Text |\u00a0Konzeption wenden.<strong>\u00a0<\/strong><\/p>\n<p><strong>13.4 Recht auf L\u00f6schung (Recht auf Vergessen werden)<\/strong><\/p>\n<p>Jede von der Verarbeitung personenbezogener Daten betroffene Person hat das vom Europ\u00e4ischen Richtlinien- und Verordnungsgeber gew\u00e4hrte Recht, von dem Verantwortlichen zu verlangen, dass die sie betreffenden personenbezogenen Daten unverz\u00fcglich gel\u00f6scht werden, sofern einer der folgenden Gr\u00fcnde zutrifft und soweit die Verarbeitung nicht erforderlich ist:<\/p>\n<ul>\n<li>Die personenbezogenen Daten wurden f\u00fcr solche Zwecke erhoben oder auf sonstige Weise verarbeitet, f\u00fcr welche sie nicht mehr notwendig sind.<\/li>\n<li>Die betroffene Person widerruft ihre Einwilligung, auf die sich die Verarbeitung gem\u00e4\u00df Art. 6 Abs. 1 Buchstabe a DSGVO oder Art. 9 Abs. 2 Buchstabe a DSGVO st\u00fctzte, und es fehlt an einer anderweitigen Rechtsgrundlage f\u00fcr die Verarbeitung.<\/li>\n<li>Die betroffene Person legt gem\u00e4\u00df Art. 21 Abs. 1 DSGVO Widerspruch gegen die Verarbeitung ein, und es liegen keine vorrangigen berechtigten Gr\u00fcnde f\u00fcr die Verarbeitung vor, oder die betroffene Person legt gem\u00e4\u00df Art. 21 Abs. 2 DSGVO Widerspruch gegen die Verarbeitung ein.<\/li>\n<li>Die personenbezogenen Daten wurden unrechtm\u00e4\u00dfig verarbeitet.<\/li>\n<li>Die L\u00f6schung der personenbezogenen Daten ist zur Erf\u00fcllung einer rechtlichen Verpflichtung nach dem Unionsrecht oder dem Recht der Mitgliedstaaten erforderlich, dem der Verantwortliche unterliegt.<\/li>\n<li>Die personenbezogenen Daten wurden in Bezug auf angebotene Dienste der Informationsgesellschaft gem\u00e4\u00df Art. 8 Abs. 1 DSGVO erhoben.<\/li>\n<\/ul>\n<p>Sofern einer der oben genannten Gr\u00fcnde zutrifft und eine betroffene Person die L\u00f6schung von personenbezogenen Daten, die bei Michael Schmidt Text |\u00a0Konzeption gespeichert sind, veranlassen m\u00f6chte, kann sie sich hierzu jederzeit an den f\u00fcr die Verarbeitung Verantwortlichen wenden. Michael Schmidt Text |\u00a0Konzeption wird veranlassen, dass dem L\u00f6schverlangen unverz\u00fcglich nachgekommen wird.<\/p>\n<p>Wurden die personenbezogenen Daten von Michael Schmidt Text |\u00a0Konzeption \u00f6ffentlich gemacht und ist das Unternehmen als Verantwortlicher gem\u00e4\u00df Art. 17 Abs. 1 DSGVO zur L\u00f6schung der personenbezogenen Daten verpflichtet, so trifft Michael Schmidt Text |\u00a0Konzeption unter Ber\u00fccksichtigung der verf\u00fcgbaren Technologie und der Implementierungskosten angemessene Ma\u00dfnahmen, um andere f\u00fcr die Datenverarbeitung Verantwortliche, welche die ver\u00f6ffentlichten personenbezogenen Daten verarbeiten, dar\u00fcber in Kenntnis zu setzen, dass die betroffene Person von diesen anderen f\u00fcr die Datenverarbeitung Verantwortlichen die L\u00f6schung s\u00e4mtlicher Links zu diesen personenbezogenen Daten oder von Kopien oder Replikationen dieser personenbezogenen Daten verlangt hat, soweit die Verarbeitung nicht erforderlich ist. Der f\u00fcr die Verarbeitung Verantwortliche wird im Einzelfall das Notwendige veranlassen.<strong>\u00a0<\/strong><\/p>\n<p><strong>13.5 Recht auf Einschr\u00e4nkung der Verarbeitung<\/strong><\/p>\n<p>Jede von der Verarbeitung personenbezogener Daten betroffene Person hat das vom Europ\u00e4ischen Richtlinien- und Verordnungsgeber gew\u00e4hrte Recht, von dem Verantwortlichen die Einschr\u00e4nkung der Verarbeitung zu verlangen, wenn eine der folgenden Voraussetzungen gegeben ist:<\/p>\n<ul>\n<li>Die Richtigkeit der personenbezogenen Daten wird von der betroffenen Person bestritten, und zwar f\u00fcr eine Dauer, die es dem Verantwortlichen erm\u00f6glicht, die Richtigkeit der personenbezogenen Daten zu \u00fcberpr\u00fcfen.<\/li>\n<li>Die Verarbeitung ist unrechtm\u00e4\u00dfig, die betroffene Person lehnt die L\u00f6schung der personenbezogenen Daten ab und verlangt stattdessen die Einschr\u00e4nkung der Nutzung der personenbezogenen Daten.<\/li>\n<li>Der Verantwortliche ben\u00f6tigt die personenbezogenen Daten f\u00fcr die Zwecke der Verarbeitung nicht l\u00e4nger, die betroffene Person ben\u00f6tigt sie jedoch zur Geltendmachung, Aus\u00fcbung oder Verteidigung von Rechtsanspr\u00fcchen.<\/li>\n<li>Die betroffene Person hat Widerspruch gegen die Verarbeitung gem. Art. 21 Abs. 1 DSGVO eingelegt und es steht noch nicht fest, ob die berechtigten Gr\u00fcnde des Verantwortlichen gegen\u00fcber denen der betroffenen Person \u00fcberwiegen.<\/li>\n<\/ul>\n<p>Sofern eine der oben genannten Voraussetzungen gegeben ist und eine betroffene Person die Einschr\u00e4nkung von personenbezogenen Daten, die bei Michael Schmidt Text |\u00a0Konzeption gespeichert sind, verlangen m\u00f6chte, kann sie sich hierzu jederzeit an den f\u00fcr die Verarbeitung Verantwortlichen wenden. Er wird die Einschr\u00e4nkung der Verarbeitung veranlassen.<strong>\u00a0<\/strong><\/p>\n<p><strong>13.6 Recht auf Daten\u00fcbertragbarkeit<\/strong><\/p>\n<p>Jede von der Verarbeitung personenbezogener Daten betroffene Person hat das vom Europ\u00e4ischen Richtlinien- und Verordnungsgeber gew\u00e4hrte Recht, die sie betreffenden personenbezogenen Daten, welche durch die betroffene Person einem Verantwortlichen bereitgestellt wurden, in einem strukturierten, g\u00e4ngigen und maschinenlesbaren Format zu erhalten. Sie hat au\u00dferdem das Recht, diese Daten einem anderen Verantwortlichen ohne Behinderung durch den Verantwortlichen, dem die personenbezogenen Daten bereitgestellt wurden, zu \u00fcbermitteln, sofern die Verarbeitung auf der Einwilligung gem\u00e4\u00df Art. 6 Abs. 1 Buchstabe a DSGVO oder Art. 9 Abs. 2 Buchstabe a DSGVO oder auf einem Vertrag gem\u00e4\u00df Art. 6 Abs. 1 Buchstabe b DSGVO beruht und die Verarbeitung mithilfe automatisierter Verfahren erfolgt, sofern die Verarbeitung nicht f\u00fcr die Wahrnehmung einer Aufgabe erforderlich ist, die im \u00f6ffentlichen Interesse liegt oder in Aus\u00fcbung \u00f6ffentlicher Gewalt erfolgt, welche dem Verantwortlichen \u00fcbertragen wurde.<\/p>\n<p>Ferner hat die betroffene Person bei der Aus\u00fcbung ihres Rechts auf Daten\u00fcbertragbarkeit gem\u00e4\u00df Art. 20 Abs. 1 DSGVO das Recht zu erwirken, dass die personenbezogenen Daten direkt von einem Verantwortlichen an einen anderen Verantwortlichen \u00fcbermittelt werden, soweit dies technisch machbar ist und sofern hiervon nicht die Rechte und Freiheiten anderer Personen beeintr\u00e4chtigt werden.<\/p>\n<p>Zur Geltendmachung des Rechts auf Daten\u00fcbertragbarkeit kann sich die betroffene Person jederzeit an den f\u00fcr die Verarbeitung Verantwortlichen wenden.<strong>\u00a0<\/strong><\/p>\n<p><strong>13.7 Recht auf Widerspruch<\/strong><\/p>\n<p>Jede von der Verarbeitung personenbezogener Daten betroffene Person hat das vom Europ\u00e4ischen Richtlinien- und Verordnungsgeber gew\u00e4hrte Recht, aus Gr\u00fcnden, die sich aus ihrer besonderen Situation ergeben, jederzeit gegen die Verarbeitung sie betreffender personenbezogener Daten, die aufgrund von Art. 6 Abs. 1 Buchstaben e oder f DSGVO erfolgt, Widerspruch einzulegen.<\/p>\n<p>Michael Schmidt Text |\u00a0Konzeption verarbeitet die personenbezogenen Daten im Falle des Widerspruchs nicht mehr, es sei denn, es k\u00f6nnen zwingende schutzw\u00fcrdige Gr\u00fcnde f\u00fcr die Verarbeitung nachgewiesen werden, die den Interessen, Rechten und Freiheiten der betroffenen Person \u00fcberwiegen, oder die Verarbeitung dient der Geltendmachung, Aus\u00fcbung oder Verteidigung von Rechtsanspr\u00fcchen.<\/p>\n<p>Verarbeitet Michael Schmidt Text |\u00a0Konzeption personenbezogene Daten, um Direktwerbung zu betreiben, so hat die betroffene Person das Recht, jederzeit Widerspruch gegen die Verarbeitung der personenbezogenen Daten zum Zwecke derartiger Werbung einzulegen. Widerspricht die betroffene Person gegen\u00fcber Michael Schmidt Text |\u00a0Konzeption der Verarbeitung f\u00fcr Zwecke der Direktwerbung, so wird das Unternehmen die personenbezogenen Daten nicht mehr f\u00fcr diese Zwecke verarbeiten.<\/p>\n<p>Zur Aus\u00fcbung des Rechts auf Widerspruch kann sich die betroffene Person direkt an den f\u00fcr die Verarbeitung Verantwortlichen wenden. Der betroffenen Person steht es ferner frei, im Zusammenhang mit der Nutzung von Diensten der Informationsgesellschaft, ungeachtet der Richtlinie 2002\/58\/EG, ihr Widerspruchsrecht mittels automatisierter Verfahren auszu\u00fcben, bei denen technische Spezifikationen verwendet werden.<strong>\u00a0<\/strong><\/p>\n<p><strong>13.8 Recht auf Widerruf einer datenschutzrechtlichen Einwilligung<\/strong><\/p>\n<p>Jede von der Verarbeitung personenbezogener Daten betroffene Person hat das vom Europ\u00e4ischen Richtlinien- und Verordnungsgeber gew\u00e4hrte Recht, eine Einwilligung zur Verarbeitung personenbezogener Daten jederzeit zu widerrufen. M\u00f6chte die betroffene Person ihr Recht auf Widerruf einer Einwilligung geltend machen, kann sie sich hierzu jederzeit an den f\u00fcr die Verarbeitung Verantwortlichen wenden.<\/p>\n<p><strong>14. Aktualit\u00e4t und \u00c4nderung dieser Datenschutzerkl\u00e4rung<\/strong><\/p>\n<p>Diese Datenschutzerkl\u00e4rung ist aktuell g\u00fcltig und hat den Stand Mai 2018.<\/p>\n<p>Durch die Weiterentwicklung der Website von Michael Schmidt Text |\u00a0Konzeption oder aufgrund ge\u00e4nderter gesetzlicher beziehungsweise beh\u00f6rdlicher Vorgaben kann es notwendig werden, diese Datenschutzerkl\u00e4rung zu \u00e4ndern. Die jeweils aktuelle Datenschutzerkl\u00e4rung kann jederzeit auf der Website <a href=\"http:\/\/www.schmidt-text.de\">www.schmidt-text.de<\/a> abgerufen und ausgedruckt werden.<\/p>\n<p>&nbsp;<\/p>\n","protected":false},"excerpt":{"rendered":"<p>Datenschutzerkl\u00e4rung 1. Grundlegendes Diese Website, die von dem Einzelunternehmen Michael Schmidt Text |\u00a0Konzeption betrieben wird, kann ohne jede Angabe personenbezogener Daten genutzt werden. Erhoben und verarbeitet werden solche Daten nur insoweit, als es zum Zugriff auf die Website aus technischen Gr\u00fcnden unbedingt notwendig ist. Die technische Verwaltung der Website, das so genannte Hosting, liegt in&#8230;<\/p>\n","protected":false},"author":2,"featured_media":0,"parent":0,"menu_order":0,"comment_status":"closed","ping_status":"closed","template":"","meta":{"footnotes":""},"class_list":["post-605","page","type-page","status-publish","hentry"],"_links":{"self":[{"href":"https:\/\/schmidt-text.de\/marketing\/wp-json\/wp\/v2\/pages\/605","targetHints":{"allow":["GET"]}}],"collection":[{"href":"https:\/\/schmidt-text.de\/marketing\/wp-json\/wp\/v2\/pages"}],"about":[{"href":"https:\/\/schmidt-text.de\/marketing\/wp-json\/wp\/v2\/types\/page"}],"author":[{"embeddable":true,"href":"https:\/\/schmidt-text.de\/marketing\/wp-json\/wp\/v2\/users\/2"}],"replies":[{"embeddable":true,"href":"https:\/\/schmidt-text.de\/marketing\/wp-json\/wp\/v2\/comments?post=605"}],"version-history":[{"count":2,"href":"https:\/\/schmidt-text.de\/marketing\/wp-json\/wp\/v2\/pages\/605\/revisions"}],"predecessor-version":[{"id":611,"href":"https:\/\/schmidt-text.de\/marketing\/wp-json\/wp\/v2\/pages\/605\/revisions\/611"}],"wp:attachment":[{"href":"https:\/\/schmidt-text.de\/marketing\/wp-json\/wp\/v2\/media?parent=605"}],"curies":[{"name":"wp","href":"https:\/\/api.w.org\/{rel}","templated":true}]}}